{"id":2,"date":"2010-01-12T20:37:44","date_gmt":"2010-01-12T20:37:44","guid":{"rendered":"http:\/\/amandeautourdumonde.htkc.org\/?page_id=2"},"modified":"2010-12-27T12:13:27","modified_gmt":"2010-12-27T11:13:27","slug":"a-propos","status":"publish","type":"page","link":"https:\/\/amandeautourdumonde.htkc.org\/?page_id=2","title":{"rendered":"\u00c0 propos"},"content":{"rendered":"<p style=\"text-align: left;\"><em>Seuls les filtres successifs du souvenir, ce m\u00e9ticuleux tamis de la m\u00e9moire, nous aident \u00e0 identifier ce qui s&#8217;\u00e9tait r\u00e9ellement inscrit au-dedans de nous \u00e0 ce moment-l\u00e0. Alors, et alors seulement, nous commen\u00e7ons \u00e0 pouvoir r\u00e9pondre aux vraies questions: pourquoi, diable, \u00e9tions-nous partis si loin? Qu&#8217;allais-je chercher, au juste, dans ces confins &#8220;o\u00f9 je suis \u00e9tranger&#8221;?<\/em><\/p>\n<p style=\"text-align: right;\">Jean-Claude Guillebaud, L&#8217;esprit du lieu<\/p>\n<p style=\"text-align: left;\">\n<p><em>J&#8217;allais dans le d\u00e9sert pour \u00e9prouver le sentiment de ma petitesse.<\/em><\/p>\n<p style=\"text-align: right;\">Alain de Botton, L&#8217;art de voyager<\/p>\n<p><em>Ce n&#8217;est certes pas en allant d&#8217;un lieu \u00e0 un autre \u00e0 cent miles \u00e0 l&#8217;heure que nous deviendrons plus forts, plus heureux ou plus sages. Il y a toujours eu plus de choses dans le monde que les hommes n&#8217;en pouvaient voir, si lentement qu&#8217;il leur pl\u00fbt de marcher: ils ne les verront pas mieux en allant vite. Les choses r\u00e9ellement pr\u00e9cieuses sont la pens\u00e9e et la vue, non la vitesse. Cela ne fait aucun bien \u00e0 une balle de fusil d&#8217;aller vite; et \u00e0 un homme s&#8217;il est vraiment un homme, aucun mal d&#8217;aller lentement; car sa gloire n&#8217;est point du tout dans le mouvement, mais dans l&#8217;\u00eatre.<\/em><\/p>\n<p style=\"text-align: right;\">John Ruskin<\/p>\n<p><em>On ne peut pas tout comprendre. Disons que la vie, on ne peut pas \u00e0 la fois la vivre et l&#8217;analyser. Il faut choisir l&#8217;un ou l&#8217;autre.<\/em><\/p>\n<p style=\"text-align: right;\">Pedro Juan Guttierres, Trilogie sale de La Havane<\/p>\n<p><em>Il n&#8217;y a personne qui ne soit n\u00e9 sous une mauvaise \u00e9toile,<br \/>\nil n&#8217;y a que des gens qui ne savent pas lire le ciel.<\/em><\/p>\n<p style=\"text-align: right;\">Dala\u00ef Lama<\/p>\n<p style=\"text-align: left;\">\n<p style=\"text-align: left;\"><em>Le v\u00e9ritable\u00a0 voyage de d\u00e9couverte\u00a0 ne consiste pas \u00e0 chercher de nouveaux paysages, mais \u00e0 avoir de nouveaux yeux.<\/em><\/p>\n<p style=\"text-align: right;\">Marcel Proust<\/p>\n<p style=\"text-align: left;\">\n<p style=\"text-align: left;\"><em>Avec le temps, la passion des grands voyages s&#8217;\u00e9teint, \u00e0 moins qu&#8217;on n&#8217;ait voyag\u00e9 assez longtemps\u00a0 pour devenir \u00e9tranger \u00e0 sa patrie.<\/em><\/p>\n<p style=\"text-align: right;\">G\u00e9rard de Nerval<\/p>\n<p style=\"text-align: left;\">\n<p style=\"text-align: left;\"><em>Voil\u00e0 pourquoi j&#8217;ai voyag\u00e9 \u00e0 pied, par simple amour du vent et de la terre.<\/em><\/p>\n<p style=\"text-align: right;\">Henri Bosco<\/p>\n<p style=\"text-align: left;\">\n<p style=\"text-align: left;\"><em>Le vrai voyage, c&#8217;est d&#8217;y aller. Une fois\u00a0 arriv\u00e9, le voyage est fini. Aujourd&#8217;hui\u00a0 les gens commencent\u00a0 par la fin.<\/em><\/p>\n<p style=\"text-align: right;\">Hugo Verlomme<\/p>\n<p style=\"text-align: left;\">\n<p style=\"text-align: left;\"><em>Je r\u00e9ponds ordinairement\u00a0 \u00e0 ceux qui me demandent\u00a0 raison de mes voyages : que je sais\u00a0 bien ce que je fuis, et non\u00a0 pas ce que je cherche.<\/em><\/p>\n<p style=\"text-align: right;\">Montaigne<em> <\/em><\/p>\n<p><em>Il faut faire de sa vie un chef d&#8217;oeuvre.<\/em><\/p>\n<p style=\"text-align: right;\">Michel Foucault<\/p>\n","protected":false},"excerpt":{"rendered":"<p>Seuls les filtres successifs du souvenir, ce m\u00e9ticuleux tamis de la m\u00e9moire, nous aident \u00e0 identifier ce qui s&#8217;\u00e9tait r\u00e9ellement inscrit au-dedans de nous \u00e0 ce moment-l\u00e0. Alors, et alors seulement, nous commen\u00e7ons \u00e0 pouvoir r\u00e9pondre aux vraies questions: pourquoi, diable, \u00e9tions-nous partis si loin? Qu&#8217;allais-je chercher, au juste, dans ces confins &#8220;o\u00f9 je suis <a href=\"https:\/\/amandeautourdumonde.htkc.org\/?page_id=2\">Continue reading &#8594;<\/a><\/p>\n","protected":false},"author":1,"featured_media":0,"parent":0,"menu_order":3,"comment_status":"open","ping_status":"open","template":"","meta":[],"_links":{"self":[{"href":"https:\/\/amandeautourdumonde.htkc.org\/index.php?rest_route=\/wp\/v2\/pages\/2"}],"collection":[{"href":"https:\/\/amandeautourdumonde.htkc.org\/index.php?rest_route=\/wp\/v2\/pages"}],"about":[{"href":"https:\/\/amandeautourdumonde.htkc.org\/index.php?rest_route=\/wp\/v2\/types\/page"}],"author":[{"embeddable":true,"href":"https:\/\/amandeautourdumonde.htkc.org\/index.php?rest_route=\/wp\/v2\/users\/1"}],"replies":[{"embeddable":true,"href":"https:\/\/amandeautourdumonde.htkc.org\/index.php?rest_route=%2Fwp%2Fv2%2Fcomments&post=2"}],"version-history":[{"count":4,"href":"https:\/\/amandeautourdumonde.htkc.org\/index.php?rest_route=\/wp\/v2\/pages\/2\/revisions"}],"predecessor-version":[{"id":200,"href":"https:\/\/amandeautourdumonde.htkc.org\/index.php?rest_route=\/wp\/v2\/pages\/2\/revisions\/200"}],"wp:attachment":[{"href":"https:\/\/amandeautourdumonde.htkc.org\/index.php?rest_route=%2Fwp%2Fv2%2Fmedia&parent=2"}],"curies":[{"name":"wp","href":"https:\/\/api.w.org\/{rel}","templated":true}]}}